{"id":43,"date":"2022-04-11T18:19:55","date_gmt":"2022-04-11T16:19:55","guid":{"rendered":"https:\/\/entrevousetvous.fr\/?page_id=43"},"modified":"2023-01-27T10:21:48","modified_gmt":"2023-01-27T09:21:48","slug":"les-prestations","status":"publish","type":"page","link":"https:\/\/entrevousetvous.fr\/index.php\/les-prestations\/","title":{"rendered":"MA BO\u00ceTE A OUTILS"},"content":{"rendered":"\n[et_pb_section fb_built=\u00a0\u00bb1&Prime; _builder_version=\u00a0\u00bb4.17.0&Prime; _module_preset=\u00a0\u00bbdefault\u00a0\u00bb background_color=\u00a0\u00bbgcid-547d0fbd-cc88-454c-b1e7-e3b1d6b62b68&Prime; custom_padding=\u00a0\u00bb0px||0px||false|false\u00a0\u00bb global_colors_info=\u00a0\u00bb{%22gcid-547d0fbd-cc88-454c-b1e7-e3b1d6b62b68%22:%91%22background_color%22%93}\u00a0\u00bb][et_pb_row _builder_version=\u00a0\u00bb4.17.0&Prime; _module_preset=\u00a0\u00bbdefault\u00a0\u00bb min_height=\u00a0\u00bb53px\u00a0\u00bb custom_padding=\u00a0\u00bb||0px||false|false\u00a0\u00bb global_colors_info=\u00a0\u00bb{}\u00a0\u00bb][et_pb_column type=\u00a0\u00bb4_4&Prime; _builder_version=\u00a0\u00bb4.17.0&Prime; _module_preset=\u00a0\u00bbdefault\u00a0\u00bb global_colors_info=\u00a0\u00bb{}\u00a0\u00bb][et_pb_text _builder_version=\u00a0\u00bb4.19.0&Prime; _module_preset=\u00a0\u00bbdefault\u00a0\u00bb text_font_size_tablet=\u00a0\u00bb\u00a0\u00bb text_font_size_phone=\u00a0\u00bb\u00a0\u00bb text_font_size_last_edited=\u00a0\u00bbon|phone\u00a0\u00bb global_colors_info=\u00a0\u00bb{}\u00a0\u00bb]<h1><span style=\"color: #ffffff;\"><strong>MA BO\u00ceTE A OUTILS<\/strong><\/span><\/h1>[\/et_pb_text][\/et_pb_column][\/et_pb_row][et_pb_row _builder_version=\u00a0\u00bb4.17.0&Prime; _module_preset=\u00a0\u00bbdefault\u00a0\u00bb custom_padding=\u00a0\u00bb0px||||false|false\u00a0\u00bb global_colors_info=\u00a0\u00bb{}\u00a0\u00bb][et_pb_column type=\u00a0\u00bb4_4&Prime; _builder_version=\u00a0\u00bb4.17.0&Prime; _module_preset=\u00a0\u00bbdefault\u00a0\u00bb global_colors_info=\u00a0\u00bb{}\u00a0\u00bb][et_pb_text _builder_version=\u00a0\u00bb4.17.0&Prime; _module_preset=\u00a0\u00bbdefault\u00a0\u00bb global_colors_info=\u00a0\u00bb{}\u00a0\u00bb]<p><span style=\"color: #ffffff;\">Comme je l\u2019explique en <strong>consultation<\/strong>, j\u2019ai une boite \u00e0 outils que j\u2019utilise en fonction de ce qui se passe pendant la s\u00e9ance. La plupart de ces outils invisibles font partie des outils de th\u00e9rapies br\u00e8ves.<\/span><\/p>[\/et_pb_text][\/et_pb_column][\/et_pb_row][\/et_pb_section][et_pb_section fb_built=\u00a0\u00bb1&Prime; admin_label=\u00a0\u00bbIntroduction\u00a0\u00bb _builder_version=\u00a0\u00bb4.17.0&Prime; _module_preset=\u00a0\u00bbdefault\u00a0\u00bb custom_margin=\u00a0\u00bb|||\u00a0\u00bb custom_padding=\u00a0\u00bb100px|0px|100px|0px\u00a0\u00bb global_colors_info=\u00a0\u00bb{}\u00a0\u00bb][et_pb_row column_structure=\u00a0\u00bb1_2,1_2&Prime; use_custom_gutter=\u00a0\u00bbon\u00a0\u00bb gutter_width=\u00a0\u00bb4&Prime; _builder_version=\u00a0\u00bb4.16&Prime; _module_preset=\u00a0\u00bbdefault\u00a0\u00bb animation_style=\u00a0\u00bbfade\u00a0\u00bb global_colors_info=\u00a0\u00bb{}\u00a0\u00bb][et_pb_column type=\u00a0\u00bb1_2&Prime; _builder_version=\u00a0\u00bb4.16&Prime; _module_preset=\u00a0\u00bbdefault\u00a0\u00bb custom_padding=\u00a0\u00bb|||\u00a0\u00bb global_colors_info=\u00a0\u00bb{}\u00a0\u00bb custom_padding__hover=\u00a0\u00bb|||\u00a0\u00bb][et_pb_text _builder_version=\u00a0\u00bb4.17.0&Prime; _module_preset=\u00a0\u00bbdefault\u00a0\u00bb locked=\u00a0\u00bboff\u00a0\u00bb global_colors_info=\u00a0\u00bb{}\u00a0\u00bb]<h1><span style=\"color: #000000;\"><strong>LES THERAPIES BREVES<\/strong><\/span><\/h1>[\/et_pb_text][et_pb_divider color=\u00a0\u00bbgcid-547d0fbd-cc88-454c-b1e7-e3b1d6b62b68&Prime; divider_weight=\u00a0\u00bb2px\u00a0\u00bb _builder_version=\u00a0\u00bb4.17.0&Prime; _module_preset=\u00a0\u00bbdefault\u00a0\u00bb max_width=\u00a0\u00bb60px\u00a0\u00bb module_alignment=\u00a0\u00bbleft\u00a0\u00bb height=\u00a0\u00bb2px\u00a0\u00bb global_colors_info=\u00a0\u00bb{%22gcid-547d0fbd-cc88-454c-b1e7-e3b1d6b62b68%22:%91%22color%22%93}\u00a0\u00bb][\/et_pb_divider][et_pb_text _builder_version=\u00a0\u00bb4.17.0&Prime; _module_preset=\u00a0\u00bbdefault\u00a0\u00bb text_font=\u00a0\u00bb||||||||\u00a0\u00bb text_text_color=\u00a0\u00bb#000000&Prime; text_letter_spacing=\u00a0\u00bb1px\u00a0\u00bb text_line_height=\u00a0\u00bb2em\u00a0\u00bb text_orientation=\u00a0\u00bbjustified\u00a0\u00bb max_width=\u00a0\u00bb550px\u00a0\u00bb global_colors_info=\u00a0\u00bb{}\u00a0\u00bb]<p>Les th\u00e9rapies br\u00e8ves sont orient\u00e9es \u00ab\u00a0solution\u00a0\u00bb. Nous allons donc explorer les \u00ab\u00a0supers pouvoirs\u00a0\u00bb de chacun pour avancer vers son objectif. Bien \u00e9videmment, certaines exp\u00e9riences du pass\u00e9 peuvent surgir pendant la s\u00e9ance, et c\u2019est tant mieux, car nous utiliserons alors l\u2019outil le plus appropri\u00e9 pour que cette exp\u00e9rience de vie, ancr\u00e9e dans le cerveau, puisse \u00eatre dissolue afin que les \u00e9motions ressenties dans le pr\u00e9sent ne soient plus aussi vives\u00a0: nous ne changerons pas l\u2019exp\u00e9rience pass\u00e9e mais le ressenti et l\u2019\u00e9motion ne seront plus aussi intenses.<\/p>[\/et_pb_text][et_pb_button button_url=\u00a0\u00bbhttps:\/\/entrevousetvous.fr\/index.php\/therapies-breves\/\u00a0\u00bb button_text=\u00a0\u00bbEN SAVOIR PLUS\u00a0\u00bb button_alignment=\u00a0\u00bbleft\u00a0\u00bb _builder_version=\u00a0\u00bb4.17.0&Prime; _module_preset=\u00a0\u00bbdefault\u00a0\u00bb global_colors_info=\u00a0\u00bb{}\u00a0\u00bb][\/et_pb_button][\/et_pb_column][et_pb_column type=\u00a0\u00bb1_2&Prime; _builder_version=\u00a0\u00bb4.16&Prime; _module_preset=\u00a0\u00bbdefault\u00a0\u00bb custom_padding=\u00a0\u00bb|||\u00a0\u00bb global_colors_info=\u00a0\u00bb{}\u00a0\u00bb custom_padding__hover=\u00a0\u00bb|||\u00a0\u00bb][et_pb_image src=\u00a0\u00bbhttps:\/\/entrevousetvous.fr\/wp-content\/uploads\/2022\/09\/Sans-titre-2022-09-14T132535.736.png\u00a0\u00bb alt=\u00a0\u00bbth\u00e9rapie breve\u00a0\u00bb title_text=\u00a0\u00bbth\u00e9rapie breve\u00a0\u00bb align_tablet=\u00a0\u00bbcenter\u00a0\u00bb align_phone=\u00a0\u00bbcenter\u00a0\u00bb align_last_edited=\u00a0\u00bbon|desktop\u00a0\u00bb _builder_version=\u00a0\u00bb4.17.0&Prime; _module_preset=\u00a0\u00bbdefault\u00a0\u00bb animation_style=\u00a0\u00bbfade\u00a0\u00bb global_colors_info=\u00a0\u00bb{}\u00a0\u00bb][\/et_pb_image][\/et_pb_column][\/et_pb_row][\/et_pb_section][et_pb_section fb_built=\u00a0\u00bb1&Prime; admin_label=\u00a0\u00bbIntroduction\u00a0\u00bb _builder_version=\u00a0\u00bb4.17.0&Prime; _module_preset=\u00a0\u00bbdefault\u00a0\u00bb custom_margin=\u00a0\u00bb|||\u00a0\u00bb custom_padding=\u00a0\u00bb100px|0px|100px|0px\u00a0\u00bb global_colors_info=\u00a0\u00bb{}\u00a0\u00bb locked=\u00a0\u00bboff\u00a0\u00bb][et_pb_row column_structure=\u00a0\u00bb1_2,1_2&Prime; use_custom_gutter=\u00a0\u00bbon\u00a0\u00bb gutter_width=\u00a0\u00bb4&Prime; _builder_version=\u00a0\u00bb4.16&Prime; _module_preset=\u00a0\u00bbdefault\u00a0\u00bb animation_style=\u00a0\u00bbfade\u00a0\u00bb global_colors_info=\u00a0\u00bb{}\u00a0\u00bb][et_pb_column type=\u00a0\u00bb1_2&Prime; _builder_version=\u00a0\u00bb4.16&Prime; _module_preset=\u00a0\u00bbdefault\u00a0\u00bb custom_padding=\u00a0\u00bb|||\u00a0\u00bb global_colors_info=\u00a0\u00bb{}\u00a0\u00bb custom_padding__hover=\u00a0\u00bb|||\u00a0\u00bb][et_pb_text _builder_version=\u00a0\u00bb4.17.0&Prime; _module_preset=\u00a0\u00bbdefault\u00a0\u00bb link_option_url=\u00a0\u00bbhttps:\/\/entrevousetvous.fr\/index.php\/les-autres-outils-utilises\/\u00a0\u00bb locked=\u00a0\u00bboff\u00a0\u00bb global_colors_info=\u00a0\u00bb{}\u00a0\u00bb]<h1><span style=\"color: #000000;\"><strong>MES AUTRES OUTILS THERAPEUTIQUES<\/strong><\/span><\/h1>[\/et_pb_text][et_pb_divider color=\u00a0\u00bbgcid-547d0fbd-cc88-454c-b1e7-e3b1d6b62b68&Prime; divider_weight=\u00a0\u00bb2px\u00a0\u00bb _builder_version=\u00a0\u00bb4.17.0&Prime; _module_preset=\u00a0\u00bbdefault\u00a0\u00bb max_width=\u00a0\u00bb60px\u00a0\u00bb module_alignment=\u00a0\u00bbleft\u00a0\u00bb height=\u00a0\u00bb2px\u00a0\u00bb global_colors_info=\u00a0\u00bb{%22gcid-547d0fbd-cc88-454c-b1e7-e3b1d6b62b68%22:%91%22color%22%93}\u00a0\u00bb][\/et_pb_divider][et_pb_text _builder_version=\u00a0\u00bb4.17.0&Prime; _module_preset=\u00a0\u00bbdefault\u00a0\u00bb text_font=\u00a0\u00bb||||||||\u00a0\u00bb text_text_color=\u00a0\u00bb#000000&Prime; text_letter_spacing=\u00a0\u00bb1px\u00a0\u00bb text_line_height=\u00a0\u00bb2em\u00a0\u00bb text_orientation=\u00a0\u00bbjustified\u00a0\u00bb max_width=\u00a0\u00bb550px\u00a0\u00bb global_colors_info=\u00a0\u00bb{}\u00a0\u00bb]<p>La <a href=\"https:\/\/entrevousetvous.fr\/index.php\/les-autres-outils-utilises\/#psycho\">psychopathologie<\/a>, la <a href=\"https:\/\/entrevousetvous.fr\/index.php\/les-autres-outils-utilises\/#quantique\">communication quantique \u00e9criture<\/a> ou la <a href=\"https:\/\/entrevousetvous.fr\/index.php\/les-autres-outils-utilises\/#coherence\">coh\u00e9rence cardiaque<\/a> sont des techniques que je peux \u00eatre amen\u00e9e \u00e0 utiliser selon les situations.<\/p>[\/et_pb_text][et_pb_button button_url=\u00a0\u00bbhttps:\/\/entrevousetvous.fr\/index.php\/therapies-breves\/\u00a0\u00bb button_text=\u00a0\u00bbEN SAVOIR PLUS\u00a0\u00bb button_alignment=\u00a0\u00bbleft\u00a0\u00bb _builder_version=\u00a0\u00bb4.17.0&Prime; _module_preset=\u00a0\u00bbdefault\u00a0\u00bb global_colors_info=\u00a0\u00bb{}\u00a0\u00bb][\/et_pb_button][\/et_pb_column][et_pb_column type=\u00a0\u00bb1_2&Prime; _builder_version=\u00a0\u00bb4.16&Prime; _module_preset=\u00a0\u00bbdefault\u00a0\u00bb custom_padding=\u00a0\u00bb|||\u00a0\u00bb global_colors_info=\u00a0\u00bb{}\u00a0\u00bb custom_padding__hover=\u00a0\u00bb|||\u00a0\u00bb][et_pb_image src=\u00a0\u00bbhttps:\/\/entrevousetvous.fr\/wp-content\/uploads\/2022\/10\/sphinx-Colibri.jpg\u00a0\u00bb alt=\u00a0\u00bbth\u00e9rapie breve\u00a0\u00bb title_text=\u00a0\u00bbsphinx-Colibri\u00a0\u00bb align_tablet=\u00a0\u00bbcenter\u00a0\u00bb align_phone=\u00a0\u00bbcenter\u00a0\u00bb align_last_edited=\u00a0\u00bbon|desktop\u00a0\u00bb _builder_version=\u00a0\u00bb4.19.0&Prime; _module_preset=\u00a0\u00bbdefault\u00a0\u00bb animation_style=\u00a0\u00bbfade\u00a0\u00bb hover_enabled=\u00a0\u00bb0&Prime; global_colors_info=\u00a0\u00bb{}\u00a0\u00bb sticky_enabled=\u00a0\u00bb0&Prime;][\/et_pb_image][\/et_pb_column][\/et_pb_row][\/et_pb_section]\n","protected":false},"excerpt":{"rendered":"<p>MA BO\u00ceTE A OUTILSComme je l\u2019explique en consultation, j\u2019ai une boite \u00e0 outils que j\u2019utilise en fonction de ce qui se passe pendant la s\u00e9ance. La plupart de ces outils invisibles font partie des outils de th\u00e9rapies br\u00e8ves.LES THERAPIES BREVESLes th\u00e9rapies br\u00e8ves sont orient\u00e9es \u00ab\u00a0solution\u00a0\u00bb. Nous allons donc explorer les \u00ab\u00a0supers pouvoirs\u00a0\u00bb de chacun pour [&hellip;]<\/p>\n","protected":false},"author":1,"featured_media":0,"parent":0,"menu_order":2,"comment_status":"closed","ping_status":"closed","template":"","meta":{"_et_pb_use_builder":"on","_et_pb_old_content":"","_et_gb_content_width":"","footnotes":""},"class_list":["post-43","page","type-page","status-publish","hentry"],"yoast_head":"<!-- This site is optimized with the Yoast SEO plugin v20.0 - https:\/\/yoast.com\/wordpress\/plugins\/seo\/ -->\n<title>MA BO\u00ceTE A OUTILS - Entre vous et vous<\/title>\n<meta name=\"description\" content=\"J\u2019ai une bo\u00eete \u00e0 outils que j\u2019utilise en fonction de ce qui se passe pendant la s\u00e9ance. La plupart de ces outils invisibles font partie des outils de th\u00e9rapies br\u00e8ves.\" \/>\n<meta name=\"robots\" content=\"index, follow, max-snippet:-1, max-image-preview:large, max-video-preview:-1\" \/>\n<link rel=\"canonical\" href=\"https:\/\/entrevousetvous.fr\/index.php\/les-prestations\/\" \/>\n<meta property=\"og:locale\" content=\"fr_FR\" \/>\n<meta property=\"og:type\" content=\"article\" \/>\n<meta property=\"og:title\" content=\"MA BO\u00ceTE A OUTILS - Entre vous et vous\" \/>\n<meta property=\"og:description\" content=\"J\u2019ai une bo\u00eete \u00e0 outils que j\u2019utilise en fonction de ce qui se passe pendant la s\u00e9ance. La plupart de ces outils invisibles font partie des outils de th\u00e9rapies br\u00e8ves.\" \/>\n<meta property=\"og:url\" content=\"https:\/\/entrevousetvous.fr\/index.php\/les-prestations\/\" \/>\n<meta property=\"og:site_name\" content=\"Entre vous et vous\" \/>\n<meta property=\"article:modified_time\" content=\"2023-01-27T09:21:48+00:00\" \/>\n<meta name=\"twitter:card\" content=\"summary_large_image\" \/>\n<meta name=\"twitter:label1\" content=\"Dur\u00e9e de lecture estim\u00e9e\" \/>\n\t<meta name=\"twitter:data1\" content=\"2 minutes\" \/>\n<script type=\"application\/ld+json\" class=\"yoast-schema-graph\">{\"@context\":\"https:\/\/schema.org\",\"@graph\":[{\"@type\":\"WebPage\",\"@id\":\"https:\/\/entrevousetvous.fr\/index.php\/les-prestations\/\",\"url\":\"https:\/\/entrevousetvous.fr\/index.php\/les-prestations\/\",\"name\":\"MA BO\u00ceTE A OUTILS - Entre vous et vous\",\"isPartOf\":{\"@id\":\"https:\/\/entrevousetvous.fr\/#website\"},\"datePublished\":\"2022-04-11T16:19:55+00:00\",\"dateModified\":\"2023-01-27T09:21:48+00:00\",\"description\":\"J\u2019ai une bo\u00eete \u00e0 outils que j\u2019utilise en fonction de ce qui se passe pendant la s\u00e9ance. La plupart de ces outils invisibles font partie des outils de th\u00e9rapies br\u00e8ves.\",\"breadcrumb\":{\"@id\":\"https:\/\/entrevousetvous.fr\/index.php\/les-prestations\/#breadcrumb\"},\"inLanguage\":\"fr-FR\",\"potentialAction\":[{\"@type\":\"ReadAction\",\"target\":[\"https:\/\/entrevousetvous.fr\/index.php\/les-prestations\/\"]}]},{\"@type\":\"BreadcrumbList\",\"@id\":\"https:\/\/entrevousetvous.fr\/index.php\/les-prestations\/#breadcrumb\",\"itemListElement\":[{\"@type\":\"ListItem\",\"position\":1,\"name\":\"Accueil\",\"item\":\"https:\/\/entrevousetvous.fr\/\"},{\"@type\":\"ListItem\",\"position\":2,\"name\":\"MA BO\u00ceTE A OUTILS\"}]},{\"@type\":\"WebSite\",\"@id\":\"https:\/\/entrevousetvous.fr\/#website\",\"url\":\"https:\/\/entrevousetvous.fr\/\",\"name\":\"Entre vous et vous\",\"description\":\"Parce que la solution, est \u00e0 l&#039;interieur de vous...\",\"publisher\":{\"@id\":\"https:\/\/entrevousetvous.fr\/#organization\"},\"potentialAction\":[{\"@type\":\"SearchAction\",\"target\":{\"@type\":\"EntryPoint\",\"urlTemplate\":\"https:\/\/entrevousetvous.fr\/?s={search_term_string}\"},\"query-input\":\"required name=search_term_string\"}],\"inLanguage\":\"fr-FR\"},{\"@type\":\"Organization\",\"@id\":\"https:\/\/entrevousetvous.fr\/#organization\",\"name\":\"Entre vous et vous\",\"url\":\"https:\/\/entrevousetvous.fr\/\",\"logo\":{\"@type\":\"ImageObject\",\"inLanguage\":\"fr-FR\",\"@id\":\"https:\/\/entrevousetvous.fr\/#\/schema\/logo\/image\/\",\"url\":\"https:\/\/entrevousetvous.fr\/wp-content\/uploads\/2022\/09\/entre-vous-et-vous-bandeau-bleu.jpg\",\"contentUrl\":\"https:\/\/entrevousetvous.fr\/wp-content\/uploads\/2022\/09\/entre-vous-et-vous-bandeau-bleu.jpg\",\"width\":1100,\"height\":270,\"caption\":\"Entre vous et vous\"},\"image\":{\"@id\":\"https:\/\/entrevousetvous.fr\/#\/schema\/logo\/image\/\"}}]}<\/script>\n<!-- \/ Yoast SEO plugin. -->","yoast_head_json":{"title":"MA BO\u00ceTE A OUTILS - Entre vous et vous","description":"J\u2019ai une bo\u00eete \u00e0 outils que j\u2019utilise en fonction de ce qui se passe pendant la s\u00e9ance. La plupart de ces outils invisibles font partie des outils de th\u00e9rapies br\u00e8ves.","robots":{"index":"index","follow":"follow","max-snippet":"max-snippet:-1","max-image-preview":"max-image-preview:large","max-video-preview":"max-video-preview:-1"},"canonical":"https:\/\/entrevousetvous.fr\/index.php\/les-prestations\/","og_locale":"fr_FR","og_type":"article","og_title":"MA BO\u00ceTE A OUTILS - Entre vous et vous","og_description":"J\u2019ai une bo\u00eete \u00e0 outils que j\u2019utilise en fonction de ce qui se passe pendant la s\u00e9ance. La plupart de ces outils invisibles font partie des outils de th\u00e9rapies br\u00e8ves.","og_url":"https:\/\/entrevousetvous.fr\/index.php\/les-prestations\/","og_site_name":"Entre vous et vous","article_modified_time":"2023-01-27T09:21:48+00:00","twitter_card":"summary_large_image","twitter_misc":{"Dur\u00e9e de lecture estim\u00e9e":"2 minutes"},"schema":{"@context":"https:\/\/schema.org","@graph":[{"@type":"WebPage","@id":"https:\/\/entrevousetvous.fr\/index.php\/les-prestations\/","url":"https:\/\/entrevousetvous.fr\/index.php\/les-prestations\/","name":"MA BO\u00ceTE A OUTILS - Entre vous et vous","isPartOf":{"@id":"https:\/\/entrevousetvous.fr\/#website"},"datePublished":"2022-04-11T16:19:55+00:00","dateModified":"2023-01-27T09:21:48+00:00","description":"J\u2019ai une bo\u00eete \u00e0 outils que j\u2019utilise en fonction de ce qui se passe pendant la s\u00e9ance. La plupart de ces outils invisibles font partie des outils de th\u00e9rapies br\u00e8ves.","breadcrumb":{"@id":"https:\/\/entrevousetvous.fr\/index.php\/les-prestations\/#breadcrumb"},"inLanguage":"fr-FR","potentialAction":[{"@type":"ReadAction","target":["https:\/\/entrevousetvous.fr\/index.php\/les-prestations\/"]}]},{"@type":"BreadcrumbList","@id":"https:\/\/entrevousetvous.fr\/index.php\/les-prestations\/#breadcrumb","itemListElement":[{"@type":"ListItem","position":1,"name":"Accueil","item":"https:\/\/entrevousetvous.fr\/"},{"@type":"ListItem","position":2,"name":"MA BO\u00ceTE A OUTILS"}]},{"@type":"WebSite","@id":"https:\/\/entrevousetvous.fr\/#website","url":"https:\/\/entrevousetvous.fr\/","name":"Entre vous et vous","description":"Parce que la solution, est \u00e0 l&#039;interieur de vous...","publisher":{"@id":"https:\/\/entrevousetvous.fr\/#organization"},"potentialAction":[{"@type":"SearchAction","target":{"@type":"EntryPoint","urlTemplate":"https:\/\/entrevousetvous.fr\/?s={search_term_string}"},"query-input":"required name=search_term_string"}],"inLanguage":"fr-FR"},{"@type":"Organization","@id":"https:\/\/entrevousetvous.fr\/#organization","name":"Entre vous et vous","url":"https:\/\/entrevousetvous.fr\/","logo":{"@type":"ImageObject","inLanguage":"fr-FR","@id":"https:\/\/entrevousetvous.fr\/#\/schema\/logo\/image\/","url":"https:\/\/entrevousetvous.fr\/wp-content\/uploads\/2022\/09\/entre-vous-et-vous-bandeau-bleu.jpg","contentUrl":"https:\/\/entrevousetvous.fr\/wp-content\/uploads\/2022\/09\/entre-vous-et-vous-bandeau-bleu.jpg","width":1100,"height":270,"caption":"Entre vous et vous"},"image":{"@id":"https:\/\/entrevousetvous.fr\/#\/schema\/logo\/image\/"}}]}},"_links":{"self":[{"href":"https:\/\/entrevousetvous.fr\/index.php\/wp-json\/wp\/v2\/pages\/43","targetHints":{"allow":["GET"]}}],"collection":[{"href":"https:\/\/entrevousetvous.fr\/index.php\/wp-json\/wp\/v2\/pages"}],"about":[{"href":"https:\/\/entrevousetvous.fr\/index.php\/wp-json\/wp\/v2\/types\/page"}],"author":[{"embeddable":true,"href":"https:\/\/entrevousetvous.fr\/index.php\/wp-json\/wp\/v2\/users\/1"}],"replies":[{"embeddable":true,"href":"https:\/\/entrevousetvous.fr\/index.php\/wp-json\/wp\/v2\/comments?post=43"}],"version-history":[{"count":14,"href":"https:\/\/entrevousetvous.fr\/index.php\/wp-json\/wp\/v2\/pages\/43\/revisions"}],"predecessor-version":[{"id":463,"href":"https:\/\/entrevousetvous.fr\/index.php\/wp-json\/wp\/v2\/pages\/43\/revisions\/463"}],"wp:attachment":[{"href":"https:\/\/entrevousetvous.fr\/index.php\/wp-json\/wp\/v2\/media?parent=43"}],"curies":[{"name":"wp","href":"https:\/\/api.w.org\/{rel}","templated":true}]}}