{"id":7,"date":"2022-04-11T17:57:49","date_gmt":"2022-04-11T15:57:49","guid":{"rendered":"https:\/\/entrevousetvous.fr\/?page_id=7"},"modified":"2023-01-27T09:54:03","modified_gmt":"2023-01-27T08:54:03","slug":"presentation","status":"publish","type":"page","link":"https:\/\/entrevousetvous.fr\/","title":{"rendered":"ACCUEIL"},"content":{"rendered":"\n[et_pb_section fb_built=\u00a0\u00bb1&Prime; _builder_version=\u00a0\u00bb4.19.0&Prime; _module_preset=\u00a0\u00bbdefault\u00a0\u00bb background_image=\u00a0\u00bbhttps:\/\/entrevousetvous.fr\/wp-content\/uploads\/2022\/09\/Sans-titre-2022-09-14T125602.676.png\u00a0\u00bb global_colors_info=\u00a0\u00bb{}\u00a0\u00bb][et_pb_row _builder_version=\u00a0\u00bb4.19.0&Prime; _module_preset=\u00a0\u00bbdefault\u00a0\u00bb custom_margin=\u00a0\u00bb-100px||||false|false\u00a0\u00bb custom_margin_tablet=\u00a0\u00bb-100px||||false|false\u00a0\u00bb custom_margin_phone=\u00a0\u00bb-100px||||false|false\u00a0\u00bb custom_margin_last_edited=\u00a0\u00bbon|desktop\u00a0\u00bb global_colors_info=\u00a0\u00bb{}\u00a0\u00bb][et_pb_column type=\u00a0\u00bb4_4&Prime; _builder_version=\u00a0\u00bb4.17.0&Prime; _module_preset=\u00a0\u00bbdefault\u00a0\u00bb global_colors_info=\u00a0\u00bb{}\u00a0\u00bb][et_pb_text _builder_version=\u00a0\u00bb4.19.0&Prime; _module_preset=\u00a0\u00bbdefault\u00a0\u00bb text_font=\u00a0\u00bbAlex Brush||||||||\u00a0\u00bb text_text_color=\u00a0\u00bbgcid-7b3ce727-67ab-417d-bb10-f960c2c49465&Prime; text_font_size=\u00a0\u00bb100px\u00a0\u00bb text_letter_spacing=\u00a0\u00bb3px\u00a0\u00bb text_line_height=\u00a0\u00bb1.1em\u00a0\u00bb text_orientation=\u00a0\u00bbcenter\u00a0\u00bb custom_margin=\u00a0\u00bb200px||50px||false|false\u00a0\u00bb custom_margin_tablet=\u00a0\u00bb200px||50px||false|false\u00a0\u00bb custom_margin_phone=\u00a0\u00bb200px||20px||false|false\u00a0\u00bb custom_margin_last_edited=\u00a0\u00bbon|phone\u00a0\u00bb custom_padding=\u00a0\u00bb||0px||false|false\u00a0\u00bb custom_padding_last_edited=\u00a0\u00bboff|phone\u00a0\u00bb text_font_size_tablet=\u00a0\u00bb100px\u00a0\u00bb text_font_size_phone=\u00a0\u00bb41px\u00a0\u00bb text_font_size_last_edited=\u00a0\u00bbon|phone\u00a0\u00bb global_colors_info=\u00a0\u00bb{%22gcid-7b3ce727-67ab-417d-bb10-f960c2c49465%22:%91%22text_text_color%22%93}\u00a0\u00bb]<p style=\"text-align: center;\"><span style=\"color: #023bd2;\">Entre vous &amp; vous<\/span><\/p>[\/et_pb_text][et_pb_text _builder_version=\u00a0\u00bb4.19.0&Prime; _module_preset=\u00a0\u00bbdefault\u00a0\u00bb text_text_color=\u00a0\u00bbgcid-b4fb84ac-65a3-4d23-9538-4fa519c3d489&Prime; text_font_size=\u00a0\u00bb31px\u00a0\u00bb custom_margin=\u00a0\u00bb||200px||false|false\u00a0\u00bb text_font_size_tablet=\u00a0\u00bb31px\u00a0\u00bb text_font_size_phone=\u00a0\u00bb21px\u00a0\u00bb text_font_size_last_edited=\u00a0\u00bbon|phone\u00a0\u00bb global_colors_info=\u00a0\u00bb{%22gcid-b4fb84ac-65a3-4d23-9538-4fa519c3d489%22:%91%22text_text_color%22%93}\u00a0\u00bb]<p style=\"text-align: center;\"><em>Parce que la solution est \u00e0 l&rsquo;int\u00e9rieur de vous&#8230;<\/em><\/p>[\/et_pb_text][\/et_pb_column][\/et_pb_row][\/et_pb_section][et_pb_section fb_built=\u00a0\u00bb1&Prime; admin_label=\u00a0\u00bbPackages\u00a0\u00bb _builder_version=\u00a0\u00bb4.17.0&Prime; _module_preset=\u00a0\u00bbdefault\u00a0\u00bb custom_padding=\u00a0\u00bb0px|0px|0|0px|false|false\u00a0\u00bb locked=\u00a0\u00bboff\u00a0\u00bb global_colors_info=\u00a0\u00bb{}\u00a0\u00bb][et_pb_row column_structure=\u00a0\u00bb1_2,1_2&Prime; _builder_version=\u00a0\u00bb4.17.0&Prime; _module_preset=\u00a0\u00bbdefault\u00a0\u00bb global_colors_info=\u00a0\u00bb{}\u00a0\u00bb][et_pb_column type=\u00a0\u00bb1_2&Prime; _builder_version=\u00a0\u00bb4.17.0&Prime; _module_preset=\u00a0\u00bbdefault\u00a0\u00bb global_colors_info=\u00a0\u00bb{}\u00a0\u00bb][et_pb_text _builder_version=\u00a0\u00bb4.19.0&Prime; _module_preset=\u00a0\u00bbdefault\u00a0\u00bb text_font=\u00a0\u00bbAlex Brush||||||||\u00a0\u00bb text_text_color=\u00a0\u00bbgcid-7b3ce727-67ab-417d-bb10-f960c2c49465&Prime; text_font_size=\u00a0\u00bb51px\u00a0\u00bb text_letter_spacing=\u00a0\u00bb8px\u00a0\u00bb text_line_height=\u00a0\u00bb1.8em\u00a0\u00bb custom_margin=\u00a0\u00bb150px||||false|false\u00a0\u00bb custom_margin_tablet=\u00a0\u00bb150px||||false|false\u00a0\u00bb custom_margin_phone=\u00a0\u00bb0px||||false|false\u00a0\u00bb custom_margin_last_edited=\u00a0\u00bbon|phone\u00a0\u00bb text_font_tablet=\u00a0\u00bbAlex Brush||||||||\u00a0\u00bb text_font_phone=\u00a0\u00bbAlex Brush||||||||\u00a0\u00bb text_font_last_edited=\u00a0\u00bbon|phone\u00a0\u00bb text_font_size_tablet=\u00a0\u00bb51px\u00a0\u00bb text_font_size_phone=\u00a0\u00bb43px\u00a0\u00bb text_font_size_last_edited=\u00a0\u00bbon|phone\u00a0\u00bb global_colors_info=\u00a0\u00bb{%22gcid-7b3ce727-67ab-417d-bb10-f960c2c49465%22:%91%22text_text_color%22%93}\u00a0\u00bb]<p style=\"text-align: center;\"><span style=\"color: #0000ff;\"><strong>Catherine Houziaux<\/strong><\/span><\/p>[\/et_pb_text][et_pb_text _builder_version=\u00a0\u00bb4.17.0&Prime; _module_preset=\u00a0\u00bbdefault\u00a0\u00bb text_font_size=\u00a0\u00bb21px\u00a0\u00bb global_colors_info=\u00a0\u00bb{}\u00a0\u00bb]<p style=\"text-align: center;\"><em>Praticienne en th\u00e9rapies br\u00e8ves &#8211;\u00a0 Hypnoth\u00e9rapeute<\/em><\/p>\n<p style=\"text-align: center;\"><em>Formatrice<\/em><\/p>[\/et_pb_text][et_pb_button button_url=\u00a0\u00bbhttps:\/\/entrevousetvous.fr\/index.php\/catherinehouziaux\/\u00a0\u00bb button_text=\u00a0\u00bbME D\u00c9COUVRIR\u00a0\u00bb button_alignment=\u00a0\u00bbcenter\u00a0\u00bb button_alignment_tablet=\u00a0\u00bbcenter\u00a0\u00bb button_alignment_phone=\u00a0\u00bbcenter\u00a0\u00bb button_alignment_last_edited=\u00a0\u00bbon|phone\u00a0\u00bb _builder_version=\u00a0\u00bb4.19.0&Prime; _module_preset=\u00a0\u00bbdefault\u00a0\u00bb custom_button=\u00a0\u00bbon\u00a0\u00bb button_text_color=\u00a0\u00bbgcid-84560ea9-926d-42fd-8bc3-3cf64f16e775&Prime; button_border_color=\u00a0\u00bb#023bd2&Prime; global_colors_info=\u00a0\u00bb{%22gcid-84560ea9-926d-42fd-8bc3-3cf64f16e775%22:%91%22button_text_color%22,%22button_border_color%22%93}\u00a0\u00bb][\/et_pb_button][\/et_pb_column][et_pb_column type=\u00a0\u00bb1_2&Prime; _builder_version=\u00a0\u00bb4.17.0&Prime; _module_preset=\u00a0\u00bbdefault\u00a0\u00bb global_colors_info=\u00a0\u00bb{}\u00a0\u00bb][et_pb_image src=\u00a0\u00bbhttps:\/\/entrevousetvous.fr\/wp-content\/uploads\/2022\/09\/therapeute-scaled.jpg\u00a0\u00bb alt=\u00a0\u00bbCatherine Houziaux, th\u00e9rapeute\u00a0\u00bb title_text=\u00a0\u00bbCatherine Houziaux, th\u00e9rapeute\u00a0\u00bb align=\u00a0\u00bbcenter\u00a0\u00bb align_tablet=\u00a0\u00bbcenter\u00a0\u00bb align_phone=\u00a0\u00bbcenter\u00a0\u00bb align_last_edited=\u00a0\u00bbon|phone\u00a0\u00bb _builder_version=\u00a0\u00bb4.19.0&Prime; _module_preset=\u00a0\u00bbdefault\u00a0\u00bb width=\u00a0\u00bb60%\u00a0\u00bb border_width_all=\u00a0\u00bb5px\u00a0\u00bb border_color_all=\u00a0\u00bbgcid-547d0fbd-cc88-454c-b1e7-e3b1d6b62b68&Prime; global_colors_info=\u00a0\u00bb{%22gcid-547d0fbd-cc88-454c-b1e7-e3b1d6b62b68%22:%91%22border_color_all%22%93}\u00a0\u00bb][\/et_pb_image][\/et_pb_column][\/et_pb_row][et_pb_row _builder_version=\u00a0\u00bb4.17.0&Prime; _module_preset=\u00a0\u00bbdefault\u00a0\u00bb global_colors_info=\u00a0\u00bb{}\u00a0\u00bb][et_pb_column type=\u00a0\u00bb4_4&Prime; _builder_version=\u00a0\u00bb4.17.0&Prime; _module_preset=\u00a0\u00bbdefault\u00a0\u00bb global_colors_info=\u00a0\u00bb{}\u00a0\u00bb][et_pb_text _builder_version=\u00a0\u00bb4.17.0&Prime; _module_preset=\u00a0\u00bbdefault\u00a0\u00bb global_colors_info=\u00a0\u00bb{}\u00a0\u00bb]<h4 style=\"text-align: center;\"><strong><span style=\"color: #0000ff;\">Gr\u00e2ce \u00e0 un accompagnement personnalis\u00e9, uniquement pour vous et avec vous. <\/span><\/strong><\/h4>[\/et_pb_text][et_pb_text _builder_version=\u00a0\u00bb4.19.0&Prime; _module_preset=\u00a0\u00bbdefault\u00a0\u00bb hover_enabled=\u00a0\u00bb0&Prime; global_colors_info=\u00a0\u00bb{}\u00a0\u00bb sticky_enabled=\u00a0\u00bb0&Prime;]<p style=\"text-align: justify;\">Avec une prise en compte de vos besoins sp\u00e9cifiques, nous allons communiquer de fa\u00e7on \u00ab cibl\u00e9e \u00bb avec la source m\u00eame de votre \u00ab \u00eatre int\u00e9rieur \u00bb : votre inconscient. Car c\u2019est lui qui d\u00e9tient vos solutions ! Depuis que vous \u00eates n\u00e9s, vous respirez, vous bougez, vous \u00e9mettez des sons et tout cela se fait de fa\u00e7on automatique, naturelle\u00a0: c\u2019est votre inconscient, votre pilote automatique, qui sait exactement ce qui est bon et juste pour vous.<\/p>\n<p style=\"text-align: justify;\">\u00a0Mon r\u00f4le est de \u00ab vous aider \u00e0 vous aider \u00bb pour \u00eatre en phase avec vous-m\u00eame, en toute bienveillance et confiance mutuelle <span>: d\u00e9passer vos blocages, tous vos maux et tout ce qui pourrait \u00eatre un frein pour avancer sur votre chemin de vie. Pour enfin \u00eatre simplement et authentiquement vous-m\u00eames&#8230;en toute libert\u00e9<\/span><\/p>\n<p style=\"text-align: justify;\"><strong><span style=\"color: #023bd2;\">Ma recette ? <\/span><\/strong>Un zeste <a href=\"https:\/\/entrevousetvous.fr\/index.php\/therapies-breves\/#hypnoseerick\">d\u2019hypnose Ericksonienne<\/a>, un peu de <a href=\"https:\/\/entrevousetvous.fr\/index.php\/therapies-breves\/#pnl\">PNL<\/a>, de <a href=\"https:\/\/entrevousetvous.fr\/index.php\/therapies-breves\/#nerti\">NERTI<\/a>, de <a href=\"https:\/\/entrevousetvous.fr\/index.php\/therapies-breves\/#ritmo\">RITMO@<\/a>, de <a href=\"https:\/\/entrevousetvous.fr\/index.php\/therapies-breves\/#neuro\">NEURO<\/a>, d&rsquo;<a href=\"https:\/\/entrevousetvous.fr\/index.php\/therapies-breves\/#eft\">EFT<\/a>, de <a href=\"https:\/\/entrevousetvous.fr\/index.php\/les-autres-outils-utilises\/#psycho\">psychopathologie<\/a> si besoin, parfois une <a href=\"https:\/\/entrevousetvous.fr\/index.php\/les-autres-outils-utilises\/#quantique\">communication quantique \u00e9criture<\/a>\u2026 et aussi, une dose d\u2019humour\u2026 ajout\u00e9e \u00e0 un peu de moi-m\u00eame\u2026<\/p>\n<p style=\"text-align: justify;\">Bien m\u00e9langer, laisser reposer entre 10 et 15 jours et \u00e0 utiliser sans mod\u00e9ration\u2026<\/p>\n<p style=\"text-align: center;\"><em><span style=\"color: #023bd2;\">NB : une consommation excessive risque de vous entra\u00eener vers un mieux-\u00eatre sans retour !!<\/span><\/em><\/p>[\/et_pb_text][\/et_pb_column][\/et_pb_row][\/et_pb_section][et_pb_section fb_built=\u00a0\u00bb1&Prime; _builder_version=\u00a0\u00bb4.17.0&Prime; _module_preset=\u00a0\u00bbdefault\u00a0\u00bb custom_padding=\u00a0\u00bb0px||0px||false|false\u00a0\u00bb global_colors_info=\u00a0\u00bb{}\u00a0\u00bb][et_pb_row _builder_version=\u00a0\u00bb4.17.0&Prime; _module_preset=\u00a0\u00bbdefault\u00a0\u00bb global_colors_info=\u00a0\u00bb{}\u00a0\u00bb][et_pb_column type=\u00a0\u00bb4_4&Prime; _builder_version=\u00a0\u00bb4.17.0&Prime; _module_preset=\u00a0\u00bbdefault\u00a0\u00bb global_colors_info=\u00a0\u00bb{}\u00a0\u00bb][et_pb_text _builder_version=\u00a0\u00bb4.17.0&Prime; _module_preset=\u00a0\u00bbdefault\u00a0\u00bb global_colors_info=\u00a0\u00bb{}\u00a0\u00bb]<p style=\"text-align: center;\"><span style=\"font-size: x-large;\"><strong><span style=\"color: #003bd3;\">MA BO\u00ceTE A OUTILS<\/span><\/strong><\/span><\/p>[\/et_pb_text][\/et_pb_column][\/et_pb_row][\/et_pb_section][et_pb_section fb_built=\u00a0\u00bb1&Prime; _builder_version=\u00a0\u00bb4.17.0&Prime; _module_preset=\u00a0\u00bbdefault\u00a0\u00bb custom_padding=\u00a0\u00bb0px||||false|false\u00a0\u00bb global_colors_info=\u00a0\u00bb{}\u00a0\u00bb][et_pb_row column_structure=\u00a0\u00bb1_2,1_2&Prime; _builder_version=\u00a0\u00bb4.17.0&Prime; _module_preset=\u00a0\u00bbdefault\u00a0\u00bb custom_padding=\u00a0\u00bb0px||0px||false|false\u00a0\u00bb global_colors_info=\u00a0\u00bb{}\u00a0\u00bb][et_pb_column type=\u00a0\u00bb1_2&Prime; _builder_version=\u00a0\u00bb4.17.0&Prime; _module_preset=\u00a0\u00bbdefault\u00a0\u00bb global_colors_info=\u00a0\u00bb{}\u00a0\u00bb][et_pb_image src=\u00a0\u00bbhttps:\/\/entrevousetvous.fr\/wp-content\/uploads\/2022\/09\/Sans-titre-2022-09-14T132535.736.png\u00a0\u00bb alt=\u00a0\u00bbth\u00e9rapie breve\u00a0\u00bb title_text=\u00a0\u00bbth\u00e9rapie breve\u00a0\u00bb url=\u00a0\u00bbhttps:\/\/entrevousetvous.fr\/index.php\/therapies-breves\/\u00a0\u00bb _builder_version=\u00a0\u00bb4.17.0&Prime; _module_preset=\u00a0\u00bbdefault\u00a0\u00bb global_colors_info=\u00a0\u00bb{}\u00a0\u00bb][\/et_pb_image][et_pb_text _builder_version=\u00a0\u00bb4.17.0&Prime; _module_preset=\u00a0\u00bbdefault\u00a0\u00bb min_height=\u00a0\u00bb91px\u00a0\u00bb global_colors_info=\u00a0\u00bb{}\u00a0\u00bb]<h4 style=\"text-align: center;\"><span style=\"color: #0000ff;\"><strong>THERAPIES BREVES<\/strong><\/span><\/h4>[\/et_pb_text][\/et_pb_column][et_pb_column type=\u00a0\u00bb1_2&Prime; _builder_version=\u00a0\u00bb4.17.0&Prime; _module_preset=\u00a0\u00bbdefault\u00a0\u00bb global_colors_info=\u00a0\u00bb{}\u00a0\u00bb][et_pb_image src=\u00a0\u00bbhttps:\/\/entrevousetvous.fr\/wp-content\/uploads\/2022\/10\/sphinx-Colibri.jpg\u00a0\u00bb alt=\u00a0\u00bbNettoyage Emotionnel Rapide des Traumatismes Inconscients\u00a0\u00bb title_text=\u00a0\u00bbsphinx-Colibri\u00a0\u00bb url=\u00a0\u00bbhttps:\/\/entrevousetvous.fr\/index.php\/les-autres-outils-utilises\/\u00a0\u00bb _builder_version=\u00a0\u00bb4.17.0&Prime; _module_preset=\u00a0\u00bbdefault\u00a0\u00bb global_colors_info=\u00a0\u00bb{}\u00a0\u00bb][\/et_pb_image][et_pb_text _builder_version=\u00a0\u00bb4.19.0&Prime; _module_preset=\u00a0\u00bbdefault\u00a0\u00bb text_font_size_tablet=\u00a0\u00bb\u00a0\u00bb text_font_size_phone=\u00a0\u00bb\u00a0\u00bb text_font_size_last_edited=\u00a0\u00bbon|phone\u00a0\u00bb locked=\u00a0\u00bboff\u00a0\u00bb global_colors_info=\u00a0\u00bb{}\u00a0\u00bb]<h4 style=\"text-align: center;\"><span style=\"color: #0000ff;\"><strong>MES AUTRES OUTILS THERAPEUTIQUES<\/strong><\/span><\/h4>[\/et_pb_text][\/et_pb_column][\/et_pb_row][et_pb_row column_structure=\u00a0\u00bb1_2,1_2&Prime; _builder_version=\u00a0\u00bb4.17.0&Prime; _module_preset=\u00a0\u00bbdefault\u00a0\u00bb global_colors_info=\u00a0\u00bb{}\u00a0\u00bb][et_pb_column type=\u00a0\u00bb1_2&Prime; _builder_version=\u00a0\u00bb4.17.0&Prime; _module_preset=\u00a0\u00bbdefault\u00a0\u00bb global_colors_info=\u00a0\u00bb{}\u00a0\u00bb][\/et_pb_column][et_pb_column type=\u00a0\u00bb1_2&Prime; _builder_version=\u00a0\u00bb4.17.0&Prime; _module_preset=\u00a0\u00bbdefault\u00a0\u00bb global_colors_info=\u00a0\u00bb{}\u00a0\u00bb][\/et_pb_column][\/et_pb_row][\/et_pb_section]\n","protected":false},"excerpt":{"rendered":"<p>Entre vous &amp; vousParce que la solution est \u00e0 l&rsquo;int\u00e9rieur de vous&#8230;Catherine HouziauxPraticienne en th\u00e9rapies br\u00e8ves &#8211;\u00a0 Hypnoth\u00e9rapeute FormatriceGr\u00e2ce \u00e0 un accompagnement personnalis\u00e9, uniquement pour vous et avec vous. Avec une prise en compte de vos besoins sp\u00e9cifiques, nous allons communiquer de fa\u00e7on \u00ab cibl\u00e9e \u00bb avec la source m\u00eame de votre \u00ab \u00eatre int\u00e9rieur [&hellip;]<\/p>\n","protected":false},"author":1,"featured_media":0,"parent":0,"menu_order":0,"comment_status":"closed","ping_status":"closed","template":"","meta":{"_et_pb_use_builder":"on","_et_pb_old_content":"","_et_gb_content_width":"","footnotes":""},"class_list":["post-7","page","type-page","status-publish","hentry"],"yoast_head":"<!-- This site is optimized with the Yoast SEO plugin v20.0 - https:\/\/yoast.com\/wordpress\/plugins\/seo\/ -->\n<title>Entre vous et vous - Praticienne en th\u00e9rapies br\u00e8ves \u2013 Hypnoth\u00e9rapeute Formatrice<\/title>\n<meta name=\"description\" content=\"Mon r\u00f4le d&#039;hypnoth\u00e9rapeute et praticienne en th\u00e9rapies br\u00e8ves est de \u00ab vous aider \u00e0 vous aider \u00bb pour \u00eatre en phase avec vous-m\u00eame, en toute bienveillance et confiance mutuelle...\" \/>\n<meta name=\"robots\" content=\"index, follow, max-snippet:-1, max-image-preview:large, max-video-preview:-1\" \/>\n<link rel=\"canonical\" href=\"https:\/\/entrevousetvous.fr\/\" \/>\n<meta property=\"og:locale\" content=\"fr_FR\" \/>\n<meta property=\"og:type\" content=\"article\" \/>\n<meta property=\"og:title\" content=\"Entre vous et vous - Praticienne en th\u00e9rapies br\u00e8ves \u2013 Hypnoth\u00e9rapeute Formatrice\" \/>\n<meta property=\"og:description\" content=\"Mon r\u00f4le d&#039;hypnoth\u00e9rapeute et praticienne en th\u00e9rapies br\u00e8ves est de \u00ab vous aider \u00e0 vous aider \u00bb pour \u00eatre en phase avec vous-m\u00eame, en toute bienveillance et confiance mutuelle...\" \/>\n<meta property=\"og:url\" content=\"https:\/\/entrevousetvous.fr\/\" \/>\n<meta property=\"og:site_name\" content=\"Entre vous et vous\" \/>\n<meta property=\"article:modified_time\" content=\"2023-01-27T08:54:03+00:00\" \/>\n<meta name=\"twitter:card\" content=\"summary_large_image\" \/>\n<meta name=\"twitter:label1\" content=\"Dur\u00e9e de lecture estim\u00e9e\" \/>\n\t<meta name=\"twitter:data1\" content=\"3 minutes\" \/>\n<script type=\"application\/ld+json\" class=\"yoast-schema-graph\">{\"@context\":\"https:\/\/schema.org\",\"@graph\":[{\"@type\":\"WebPage\",\"@id\":\"https:\/\/entrevousetvous.fr\/\",\"url\":\"https:\/\/entrevousetvous.fr\/\",\"name\":\"Entre vous et vous - Praticienne en th\u00e9rapies br\u00e8ves \u2013 Hypnoth\u00e9rapeute Formatrice\",\"isPartOf\":{\"@id\":\"https:\/\/entrevousetvous.fr\/#website\"},\"datePublished\":\"2022-04-11T15:57:49+00:00\",\"dateModified\":\"2023-01-27T08:54:03+00:00\",\"description\":\"Mon r\u00f4le d'hypnoth\u00e9rapeute et praticienne en th\u00e9rapies br\u00e8ves est de \u00ab vous aider \u00e0 vous aider \u00bb pour \u00eatre en phase avec vous-m\u00eame, en toute bienveillance et confiance mutuelle...\",\"breadcrumb\":{\"@id\":\"https:\/\/entrevousetvous.fr\/#breadcrumb\"},\"inLanguage\":\"fr-FR\",\"potentialAction\":[{\"@type\":\"ReadAction\",\"target\":[\"https:\/\/entrevousetvous.fr\/\"]}]},{\"@type\":\"BreadcrumbList\",\"@id\":\"https:\/\/entrevousetvous.fr\/#breadcrumb\",\"itemListElement\":[{\"@type\":\"ListItem\",\"position\":1,\"name\":\"Accueil\",\"item\":\"https:\/\/entrevousetvous.fr\/\"},{\"@type\":\"ListItem\",\"position\":2,\"name\":\"ACCUEIL\"}]},{\"@type\":\"WebSite\",\"@id\":\"https:\/\/entrevousetvous.fr\/#website\",\"url\":\"https:\/\/entrevousetvous.fr\/\",\"name\":\"Entre vous et vous\",\"description\":\"Parce que la solution, est \u00e0 l&#039;interieur de vous...\",\"publisher\":{\"@id\":\"https:\/\/entrevousetvous.fr\/#organization\"},\"potentialAction\":[{\"@type\":\"SearchAction\",\"target\":{\"@type\":\"EntryPoint\",\"urlTemplate\":\"https:\/\/entrevousetvous.fr\/?s={search_term_string}\"},\"query-input\":\"required name=search_term_string\"}],\"inLanguage\":\"fr-FR\"},{\"@type\":\"Organization\",\"@id\":\"https:\/\/entrevousetvous.fr\/#organization\",\"name\":\"Entre vous et vous\",\"url\":\"https:\/\/entrevousetvous.fr\/\",\"logo\":{\"@type\":\"ImageObject\",\"inLanguage\":\"fr-FR\",\"@id\":\"https:\/\/entrevousetvous.fr\/#\/schema\/logo\/image\/\",\"url\":\"https:\/\/entrevousetvous.fr\/wp-content\/uploads\/2022\/09\/entre-vous-et-vous-bandeau-bleu.jpg\",\"contentUrl\":\"https:\/\/entrevousetvous.fr\/wp-content\/uploads\/2022\/09\/entre-vous-et-vous-bandeau-bleu.jpg\",\"width\":1100,\"height\":270,\"caption\":\"Entre vous et vous\"},\"image\":{\"@id\":\"https:\/\/entrevousetvous.fr\/#\/schema\/logo\/image\/\"}}]}<\/script>\n<!-- \/ Yoast SEO plugin. -->","yoast_head_json":{"title":"Entre vous et vous - Praticienne en th\u00e9rapies br\u00e8ves \u2013 Hypnoth\u00e9rapeute Formatrice","description":"Mon r\u00f4le d'hypnoth\u00e9rapeute et praticienne en th\u00e9rapies br\u00e8ves est de \u00ab vous aider \u00e0 vous aider \u00bb pour \u00eatre en phase avec vous-m\u00eame, en toute bienveillance et confiance mutuelle...","robots":{"index":"index","follow":"follow","max-snippet":"max-snippet:-1","max-image-preview":"max-image-preview:large","max-video-preview":"max-video-preview:-1"},"canonical":"https:\/\/entrevousetvous.fr\/","og_locale":"fr_FR","og_type":"article","og_title":"Entre vous et vous - Praticienne en th\u00e9rapies br\u00e8ves \u2013 Hypnoth\u00e9rapeute Formatrice","og_description":"Mon r\u00f4le d'hypnoth\u00e9rapeute et praticienne en th\u00e9rapies br\u00e8ves est de \u00ab vous aider \u00e0 vous aider \u00bb pour \u00eatre en phase avec vous-m\u00eame, en toute bienveillance et confiance mutuelle...","og_url":"https:\/\/entrevousetvous.fr\/","og_site_name":"Entre vous et vous","article_modified_time":"2023-01-27T08:54:03+00:00","twitter_card":"summary_large_image","twitter_misc":{"Dur\u00e9e de lecture estim\u00e9e":"3 minutes"},"schema":{"@context":"https:\/\/schema.org","@graph":[{"@type":"WebPage","@id":"https:\/\/entrevousetvous.fr\/","url":"https:\/\/entrevousetvous.fr\/","name":"Entre vous et vous - Praticienne en th\u00e9rapies br\u00e8ves \u2013 Hypnoth\u00e9rapeute Formatrice","isPartOf":{"@id":"https:\/\/entrevousetvous.fr\/#website"},"datePublished":"2022-04-11T15:57:49+00:00","dateModified":"2023-01-27T08:54:03+00:00","description":"Mon r\u00f4le d'hypnoth\u00e9rapeute et praticienne en th\u00e9rapies br\u00e8ves est de \u00ab vous aider \u00e0 vous aider \u00bb pour \u00eatre en phase avec vous-m\u00eame, en toute bienveillance et confiance mutuelle...","breadcrumb":{"@id":"https:\/\/entrevousetvous.fr\/#breadcrumb"},"inLanguage":"fr-FR","potentialAction":[{"@type":"ReadAction","target":["https:\/\/entrevousetvous.fr\/"]}]},{"@type":"BreadcrumbList","@id":"https:\/\/entrevousetvous.fr\/#breadcrumb","itemListElement":[{"@type":"ListItem","position":1,"name":"Accueil","item":"https:\/\/entrevousetvous.fr\/"},{"@type":"ListItem","position":2,"name":"ACCUEIL"}]},{"@type":"WebSite","@id":"https:\/\/entrevousetvous.fr\/#website","url":"https:\/\/entrevousetvous.fr\/","name":"Entre vous et vous","description":"Parce que la solution, est \u00e0 l&#039;interieur de vous...","publisher":{"@id":"https:\/\/entrevousetvous.fr\/#organization"},"potentialAction":[{"@type":"SearchAction","target":{"@type":"EntryPoint","urlTemplate":"https:\/\/entrevousetvous.fr\/?s={search_term_string}"},"query-input":"required name=search_term_string"}],"inLanguage":"fr-FR"},{"@type":"Organization","@id":"https:\/\/entrevousetvous.fr\/#organization","name":"Entre vous et vous","url":"https:\/\/entrevousetvous.fr\/","logo":{"@type":"ImageObject","inLanguage":"fr-FR","@id":"https:\/\/entrevousetvous.fr\/#\/schema\/logo\/image\/","url":"https:\/\/entrevousetvous.fr\/wp-content\/uploads\/2022\/09\/entre-vous-et-vous-bandeau-bleu.jpg","contentUrl":"https:\/\/entrevousetvous.fr\/wp-content\/uploads\/2022\/09\/entre-vous-et-vous-bandeau-bleu.jpg","width":1100,"height":270,"caption":"Entre vous et vous"},"image":{"@id":"https:\/\/entrevousetvous.fr\/#\/schema\/logo\/image\/"}}]}},"_links":{"self":[{"href":"https:\/\/entrevousetvous.fr\/index.php\/wp-json\/wp\/v2\/pages\/7","targetHints":{"allow":["GET"]}}],"collection":[{"href":"https:\/\/entrevousetvous.fr\/index.php\/wp-json\/wp\/v2\/pages"}],"about":[{"href":"https:\/\/entrevousetvous.fr\/index.php\/wp-json\/wp\/v2\/types\/page"}],"author":[{"embeddable":true,"href":"https:\/\/entrevousetvous.fr\/index.php\/wp-json\/wp\/v2\/users\/1"}],"replies":[{"embeddable":true,"href":"https:\/\/entrevousetvous.fr\/index.php\/wp-json\/wp\/v2\/comments?post=7"}],"version-history":[{"count":37,"href":"https:\/\/entrevousetvous.fr\/index.php\/wp-json\/wp\/v2\/pages\/7\/revisions"}],"predecessor-version":[{"id":457,"href":"https:\/\/entrevousetvous.fr\/index.php\/wp-json\/wp\/v2\/pages\/7\/revisions\/457"}],"wp:attachment":[{"href":"https:\/\/entrevousetvous.fr\/index.php\/wp-json\/wp\/v2\/media?parent=7"}],"curies":[{"name":"wp","href":"https:\/\/api.w.org\/{rel}","templated":true}]}}